{"id":2,"date":"2024-11-19T09:48:11","date_gmt":"2024-11-19T08:48:11","guid":{"rendered":"https:\/\/infopoint.sekundarschule-seuzach.ch\/sus\/?page_id=2"},"modified":"2025-12-08T10:59:13","modified_gmt":"2025-12-08T09:59:13","slug":"beispiel-seite","status":"publish","type":"page","link":"https:\/\/infopoint.sekundarschule-seuzach.ch\/sus\/","title":{"rendered":"Infos f\u00fcr Sch\u00fclerinnen und Sch\u00fcler"},"content":{"rendered":"<p>Auf dieser Seite findest du eine Reihe von Informatik-Anleitungen die du im Alltag f&uuml;r die Schule brauchen kannst. Falls du eine Anleitung vermisst, melde dich bei der technischen Leitung Stefan Meier<\/p>\n\n\n\n<p>Rechts findest du eine Schlagwortwolke und oben rechts die Suche mit der du nach Artikeln suchen kannst.<\/p>\n\n\n\n<p><\/p>\n\n\n\n<h2 class=\"wp-block-heading\"><a href=\"https:\/\/form.typeform.com\/to\/zUsQFpc7\">IT Hilfe durch deine Kameraden<\/a> <\/h2>\n\n\n\n<p>(Jeweils Mo und Fr in der 10h Pause)<\/p>\n\n\n\n<h2 class=\"wp-block-heading\"><strong><a href=\"https:\/\/infopoint.sekundarschule-seuzach.ch\/sus\/tag\/berufswahl\/\" data-type=\"post_tag\" data-id=\"17\">Berufswahl<\/a><\/strong><\/h2>\n\n\n\n<h2 class=\"wp-block-heading\"><a href=\"https:\/\/infopoint.sekundarschule-seuzach.ch\/sus\/umgang-mit-dateien-ipad\/\">Umgang mit Dateien auf dem iPad<\/a><\/h2>\n\n\n\n<h2 class=\"wp-block-heading\">Orientierung auf dem Schulgel&auml;nde<\/h2>\n\n\n\n<figure class=\"wp-block-image size-full\"><img loading=\"lazy\" decoding=\"async\" width=\"955\" height=\"630\" src=\"https:\/\/infopoint.sekundarschule-seuzach.ch\/sus\/wp-content\/uploads\/sites\/7\/2025\/05\/image.png\" alt=\"\" class=\"wp-image-31058\" srcset=\"https:\/\/infopoint.sekundarschule-seuzach.ch\/sus\/wp-content\/uploads\/sites\/7\/2025\/05\/image.png 955w, https:\/\/infopoint.sekundarschule-seuzach.ch\/sus\/wp-content\/uploads\/sites\/7\/2025\/05\/image-300x198.png 300w, https:\/\/infopoint.sekundarschule-seuzach.ch\/sus\/wp-content\/uploads\/sites\/7\/2025\/05\/image-768x507.png 768w, https:\/\/infopoint.sekundarschule-seuzach.ch\/sus\/wp-content\/uploads\/sites\/7\/2025\/05\/image-230x152.png 230w, https:\/\/infopoint.sekundarschule-seuzach.ch\/sus\/wp-content\/uploads\/sites\/7\/2025\/05\/image-350x231.png 350w, https:\/\/infopoint.sekundarschule-seuzach.ch\/sus\/wp-content\/uploads\/sites\/7\/2025\/05\/image-480x317.png 480w\" sizes=\"auto, (max-width: 955px) 100vw, 955px\"\/><\/figure>\n","protected":false},"excerpt":{"rendered":"<p>Auf dieser Seite findest du eine Reihe von Informatik-Anleitungen die du im Alltag f&uuml;r die Schule brauchen kannst. Falls du eine Anleitung [&hellip;]<\/p>\n","protected":false},"author":1,"featured_media":0,"parent":0,"menu_order":0,"comment_status":"closed","ping_status":"open","template":"","meta":{"footnotes":""},"class_list":["post-2","page","type-page","status-publish","hentry"],"_links":{"self":[{"href":"https:\/\/infopoint.sekundarschule-seuzach.ch\/sus\/wp-json\/wp\/v2\/pages\/2","targetHints":{"allow":["GET"]}}],"collection":[{"href":"https:\/\/infopoint.sekundarschule-seuzach.ch\/sus\/wp-json\/wp\/v2\/pages"}],"about":[{"href":"https:\/\/infopoint.sekundarschule-seuzach.ch\/sus\/wp-json\/wp\/v2\/types\/page"}],"author":[{"embeddable":true,"href":"https:\/\/infopoint.sekundarschule-seuzach.ch\/sus\/wp-json\/wp\/v2\/users\/1"}],"replies":[{"embeddable":true,"href":"https:\/\/infopoint.sekundarschule-seuzach.ch\/sus\/wp-json\/wp\/v2\/comments?post=2"}],"version-history":[{"count":14,"href":"https:\/\/infopoint.sekundarschule-seuzach.ch\/sus\/wp-json\/wp\/v2\/pages\/2\/revisions"}],"predecessor-version":[{"id":31169,"href":"https:\/\/infopoint.sekundarschule-seuzach.ch\/sus\/wp-json\/wp\/v2\/pages\/2\/revisions\/31169"}],"wp:attachment":[{"href":"https:\/\/infopoint.sekundarschule-seuzach.ch\/sus\/wp-json\/wp\/v2\/media?parent=2"}],"curies":[{"name":"wp","href":"https:\/\/api.w.org\/{rel}","templated":true}]}}